{"id":188,"date":"2023-03-06T13:20:15","date_gmt":"2023-03-06T11:20:15","guid":{"rendered":"https:\/\/dedal.info\/?page_id=188"},"modified":"2023-03-14T12:40:29","modified_gmt":"2023-03-14T10:40:29","slug":"politica-de-confidentialitate","status":"publish","type":"page","link":"https:\/\/dedal.info\/en\/politica-de-confidentialitate\/","title":{"rendered":"Politica de confiden\u021bialitate"},"content":{"rendered":"<p><strong>Notificare de prelucrare a datelor cu caracter personal<\/strong><\/p>\n<ol>\n<li>Cine suntem<\/li>\n<li>Date personale pe care le prelucr\u0103m<\/li>\n<li>De ce avem nevoie de ele<\/li>\n<li>Ce facem cu\u00a0ele<\/li>\n<li>C\u00e2t timp p\u0103str\u0103m datele cu caracter personal<\/li>\n<li>Care sunt drepturile dvs?<\/li>\n<\/ol>\n<p>Asociatia Tiger Adventures are ca scop ob\u021binerea de facilitati pentru membrii Asociatiei Tiger Adventures cum ar fi: tarife speciale de cazare, tarife speciale de transport, alte facilitati. Evenimentele din perioada 19-22 mai 2023 sunt organizate de Asociatia Tiger Adventures pentru Lojile Masonice Dedal.<\/p>\n<p>Asociatia Tiger Adventures este un operator de date cu caracter personal. Colect\u0103m urm\u0103toarele tipuri de date personale de la dvs.:<\/p>\n<p>\u00b7\u00a0\u00a0\u00a0\u00a0\u00a0\u00a0Nume \u0219i prenume<br \/>\n\u00b7\u00a0\u00a0\u00a0\u00a0\u00a0\u00a0Jude\u021b<br \/>\n\u00b7\u00a0\u00a0\u00a0\u00a0\u00a0\u00a0E-mail<br \/>\n\u00b7\u00a0\u00a0\u00a0\u00a0\u00a0\u00a0Num\u0103r de telefon<\/p>\n<p>Avem nevoie de datele dvs personale pentru a v\u0103 oferi urm\u0103toarele servicii:<\/p>\n<p>R\u0103spunsuri la \u00eentreb\u0103ri din formularul de contact<\/p>\n<p>\u00b7\u00a0\u00a0\u00a0\u00a0\u00a0\u00a0Nume \u0219i prenume \u2013 avem nevoie de aceste date pentru a putea r\u0103spunde mesajului dvs din formularul de contact<br \/>\n\u00b7\u00a0\u00a0\u00a0\u00a0\u00a0\u00a0E-mail \u2013 adresa de e-mail o folosim pentru a pentru a putea r\u0103spunde mesajului dvs din formularul de contact<br \/>\n\u00b7\u00a0\u00a0\u00a0\u00a0\u00a0\u00a0Num\u0103r de telefon \u2013 v\u0103 vom contacta dac\u0103 nu reu\u0219im s\u0103 v\u0103 contact\u0103m pe e-mail<\/p>\n<p>Cu consim\u021b\u0103m\u00e2ntul dumneavoastr\u0103, am dori s\u0103 prelucr\u0103m \u0219i urm\u0103toarele date cu caracter personal<\/p>\n<p>Comportament online<\/p>\n<p>\u00b7\u00a0\u00a0\u00a0\u00a0\u00a0\u00a0Istoria navig\u0103rii \u2013 partaj\u0103m aceste informa\u021bii cu partenerii no\u0219tri descri\u0219i \u00een politica de cookies pentru\u00a0\u00a0a v\u0103 putea livra oferte personalizate. Mai multe informa\u021bii reg\u0103si\u021bi \u00een <a href=\"https:\/\/dedal.info\/politica-privind-utilizarea-modulelor-cookie\/\">pagina noastr\u0103 de cookie-uri.<\/a><\/p>\n<p>Datele dumneavoastr\u0103 personale sunt prelucrate \u00een cadrul Asociatia Tiger Adventures situat\u0103 \u00een Rom\u00e2nia. G\u0103zduirea \u0219i stocarea datelor dumneavoastr\u0103 are loc la [hosting] care se afl\u0103 \u00een Rom\u00e2nia.<\/p>\n<p>Datele dvs personale pentru istoria navig\u0103rii sunt transmise partenerilor no\u0219tri descri\u0219i \u00een politica de cookies. V\u0103 rug\u0103m consulta\u021bi descrierea acestor parteneri \u00een aceast\u0103 pagin\u0103.<\/p>\n<p>Pentru \u00eentreb\u0103rile puse \u00een formularul de contact, acestea vor fi arhivate ca \u0219i comunic\u0103ri de business \u0219i vor fi \u0219terse dup\u0103 un an dac\u0103 nu se materializeaz\u0103 \u00eentr-o rela\u021bie de business.<\/p>\n<p>Dac\u0103 ave\u021bi motive s\u0103 crede\u021bi c\u0103 orice date personale pe care le de\u021binem despre dvs sunt incorecte sau incomplete, ave\u021bi dreptul s\u0103 solicita\u021bi s\u0103 vede\u021bi aceste informa\u021bii, s\u0103 le rectifica\u021bi sau s\u0103 cere\u021bi s\u0103 fie \u0219terse, s\u0103 solicita\u021bi restric\u021bionarea prelucr\u0103rii sau s\u0103 v\u0103 opune\u021bi prelucr\u0103rii \u0219i de asemenea ave\u021bi dreptul la portabilitatea datelor. Pentru exercitarea acestor drepturi va rugam sa ne contactati la Tigeradventures23@gmail.Com<\/p>\n<p>Dac\u0103 dori\u021bi s\u0103 inaintati o pl\u00e2ngere legat\u0103 de modul \u00een care v-am procesat datele personale, contacta\u021bi responsabilul cu protec\u021bia datelor la urm\u0103toarea adresa de e-mail Tigeradventures23@gmail.Com.\u00a0Responsabilul cu protec\u021bia datelor va lua leg\u0103tura cu dumneavoastr\u0103 pentru a solu\u021biona problema ridicat\u0103.<\/p>\n<p>De asemenea pute\u021bi contacta Autoritatea Na\u021bional\u0103 de Supraveghere a Prelucr\u0103rii Datelor cu Caracter personal la\u00a0<a href=\"http:\/\/www.dataprotection.ro\/\">www.dataprotection.ro<\/a>\u00a0\u0219i pute\u021bi depune o pl\u00e2ngere la ei.<\/p>\n","protected":false},"excerpt":{"rendered":"<p>Notificare de prelucrare a datelor cu caracter personal Cine suntem Date personale pe care le prelucr\u0103m De ce avem nevoie de ele Ce facem cu\u00a0ele C\u00e2t timp p\u0103str\u0103m datele cu caracter personal Care sunt drepturile dvs? Asociatia Tiger Adventures are ca scop ob\u021binerea de facilitati pentru membrii Asociatiei Tiger Adventures cum ar fi: tarife speciale &#8230; <a title=\"Politica de confiden\u021bialitate\" class=\"read-more\" href=\"https:\/\/dedal.info\/en\/politica-de-confidentialitate\/\" aria-label=\"Read more about Politica de confiden\u021bialitate\">Read more<\/a><\/p>","protected":false},"author":1,"featured_media":0,"parent":0,"menu_order":0,"comment_status":"closed","ping_status":"closed","template":"","meta":{"inline_featured_image":false,"footnotes":""},"class_list":["post-188","page","type-page","status-publish"],"_links":{"self":[{"href":"https:\/\/dedal.info\/en\/wp-json\/wp\/v2\/pages\/188","targetHints":{"allow":["GET"]}}],"collection":[{"href":"https:\/\/dedal.info\/en\/wp-json\/wp\/v2\/pages"}],"about":[{"href":"https:\/\/dedal.info\/en\/wp-json\/wp\/v2\/types\/page"}],"author":[{"embeddable":true,"href":"https:\/\/dedal.info\/en\/wp-json\/wp\/v2\/users\/1"}],"replies":[{"embeddable":true,"href":"https:\/\/dedal.info\/en\/wp-json\/wp\/v2\/comments?post=188"}],"version-history":[{"count":6,"href":"https:\/\/dedal.info\/en\/wp-json\/wp\/v2\/pages\/188\/revisions"}],"predecessor-version":[{"id":318,"href":"https:\/\/dedal.info\/en\/wp-json\/wp\/v2\/pages\/188\/revisions\/318"}],"wp:attachment":[{"href":"https:\/\/dedal.info\/en\/wp-json\/wp\/v2\/media?parent=188"}],"curies":[{"name":"wp","href":"https:\/\/api.w.org\/{rel}","templated":true}]}}